{"id":1812,"date":"2024-11-04T09:40:28","date_gmt":"2024-11-04T09:40:28","guid":{"rendered":"https:\/\/www.windowglass.sk\/szigetelo-uveg\/"},"modified":"2024-12-04T11:49:28","modified_gmt":"2024-12-04T11:49:28","slug":"izolacne-skla","status":"publish","type":"page","link":"https:\/\/www.windowglass.sk\/hu\/izolacne-skla\/","title":{"rendered":"Szigetel\u0151 \u00fcveg"},"content":{"rendered":"<div class=\"et_pb_module et_pb_text et_pb_text_3 page-content-text et_pb_text_align_justified et_pb_bg_layout_light\">\n<div class=\"et_pb_text_inner\">\n<p style=\"text-align: justify;\">A szigetel\u0151\u00fcveg a WINDOW GLASS, s.r.o. egyik f\u0151 term\u00e9kcsoportja, amelyet tan\u00fas\u00edtott technol\u00f3gi\u00e1val gy\u00e1rtanak.<\/p>\n<p style=\"text-align: justify;\">Legal\u00e1bb <strong>k\u00e9t \u00fcvegt\u00e1bl\u00e1b\u00f3l<\/strong> \u00e1ll, amelyeket egy vagy t\u00f6bb, az \u00fcveg ker\u00fclet\u00e9n hermetikusan lez\u00e1rt <strong>t\u00e1vtart\u00f3 keret<\/strong> v\u00e1laszt el egym\u00e1st\u00f3l.<\/p>\n<p style=\"text-align: justify;\">Az \u00fcvegek k\u00f6z\u00f6tti teret<strong> inert g\u00e1zzal<\/strong> (argon, kripton) t\u00f6ltik ki. A bels\u0151 \u00e9s k\u00fcls\u0151 t\u00f6m\u00edt\u0151anyag mechanikailag stabil \u00e9s tart\u00f3s. A felhaszn\u00e1lt \u00fcvegt\u00edpust\u00f3l f\u00fcgg\u0151en a h\u0151szigetel\u0151 \u00fcvegez\u00e9s kiv\u00e9teles h\u0151szigetel\u0151, napv\u00e9d\u0151, biztons\u00e1gi, formatervez\u00e9si, hangszigetel\u0151, t\u0171z- vagy goly\u00f3\u00e1ll\u00f3 tulajdons\u00e1gokkal rendelkezik.<\/p>\n<p style=\"text-align: justify;\">A szigetel\u0151\u00fcvegeket els\u0151sorban az \u00e9p\u00fcletfizikai k\u00f6vetelm\u00e9nyek figyelembev\u00e9tel\u00e9vel tervezik, amelyek a k\u00f6vetkez\u0151k:<\/p>\n<ul>\n<li>h\u0151technol\u00f3gia,<\/li>\n<li>l\u00e9gz\u00e1r\u00e1s,<\/li>\n<li>f\u00e9nyvisszaver\u0151d\u00e9s \u00e9s f\u00e9nyvisszaver\u0151d\u00e9sg\u00e1tl\u00f3,<\/li>\n<li>biztons\u00e1g \u00e9s v\u00e9delem.<\/li>\n<\/ul>\n<\/div>\n<\/div>\n<div class=\"et_pb_module et_pb_text et_pb_text_4 page-content-text et_pb_text_align_left et_pb_bg_layout_light\">\n<div class=\"et_pb_text_inner\"><\/div>\n<\/div>\n","protected":false},"excerpt":{"rendered":"<p>A szigetel\u0151\u00fcveg a WINDOW GLASS, s.r.o. egyik f\u0151 term\u00e9kcsoportja, amelyet tan\u00fas\u00edtott technol\u00f3gi\u00e1val gy\u00e1rtanak. Legal\u00e1bb k\u00e9t \u00fcvegt\u00e1bl\u00e1b\u00f3l \u00e1ll, amelyeket egy vagy t\u00f6bb, az \u00fcveg ker\u00fclet\u00e9n hermetikusan lez\u00e1rt t\u00e1vtart\u00f3 keret v\u00e1laszt el egym\u00e1st\u00f3l. Az \u00fcvegek k\u00f6z\u00f6tti teret inert g\u00e1zzal (argon, kripton) t\u00f6ltik ki. A bels\u0151 \u00e9s k\u00fcls\u0151 t\u00f6m\u00edt\u0151anyag mechanikailag stabil \u00e9s tart\u00f3s. A felhaszn\u00e1lt \u00fcvegt\u00edpust\u00f3l f\u00fcgg\u0151en a [&hellip;]<\/p>\n","protected":false},"author":1,"featured_media":0,"parent":0,"menu_order":0,"comment_status":"closed","ping_status":"closed","template":"template-izolacne-sklo.php","meta":{"_acf_changed":false,"inline_featured_image":false,"footnotes":""},"class_list":["post-1812","page","type-page","status-publish","hentry"],"acf":[],"yoast_head":"<!-- This site is optimized with the Yoast SEO plugin v25.0 - https:\/\/yoast.com\/wordpress\/plugins\/seo\/ -->\n<title>Szigetel\u0151 \u00fcveg | WINDOW GLASS<\/title>\n<meta name=\"robots\" content=\"index, follow, max-snippet:-1, max-image-preview:large, max-video-preview:-1\" \/>\n<link rel=\"canonical\" href=\"https:\/\/www.windowglass.sk\/hu\/izolacne-skla\/\" \/>\n<meta property=\"og:locale\" content=\"hu_HU\" \/>\n<meta property=\"og:type\" content=\"article\" \/>\n<meta property=\"og:title\" content=\"Szigetel\u0151 \u00fcveg | WINDOW GLASS\" \/>\n<meta property=\"og:description\" content=\"A szigetel\u0151\u00fcveg a WINDOW GLASS, s.r.o. egyik f\u0151 term\u00e9kcsoportja, amelyet tan\u00fas\u00edtott technol\u00f3gi\u00e1val gy\u00e1rtanak. Legal\u00e1bb k\u00e9t \u00fcvegt\u00e1bl\u00e1b\u00f3l \u00e1ll, amelyeket egy vagy t\u00f6bb, az \u00fcveg ker\u00fclet\u00e9n hermetikusan lez\u00e1rt t\u00e1vtart\u00f3 keret v\u00e1laszt el egym\u00e1st\u00f3l. Az \u00fcvegek k\u00f6z\u00f6tti teret inert g\u00e1zzal (argon, kripton) t\u00f6ltik ki. A bels\u0151 \u00e9s k\u00fcls\u0151 t\u00f6m\u00edt\u0151anyag mechanikailag stabil \u00e9s tart\u00f3s. A felhaszn\u00e1lt \u00fcvegt\u00edpust\u00f3l f\u00fcgg\u0151en a [&hellip;]\" \/>\n<meta property=\"og:url\" content=\"https:\/\/www.windowglass.sk\/hu\/izolacne-skla\/\" \/>\n<meta property=\"og:site_name\" content=\"WINDOW GLASS\" \/>\n<meta property=\"article:publisher\" content=\"https:\/\/www.facebook.com\/windowglasssro\" \/>\n<meta property=\"article:modified_time\" content=\"2024-12-04T11:49:28+00:00\" \/>\n<meta property=\"og:image\" content=\"https:\/\/www.windowglass.sk\/wp-content\/uploads\/2024\/05\/bg-home.png\" \/>\n\t<meta property=\"og:image:width\" content=\"936\" \/>\n\t<meta property=\"og:image:height\" content=\"618\" \/>\n\t<meta property=\"og:image:type\" content=\"image\/png\" \/>\n<meta name=\"twitter:card\" content=\"summary_large_image\" \/>\n<meta name=\"twitter:label1\" content=\"Becs\u00fclt olvas\u00e1si id\u0151\" \/>\n\t<meta name=\"twitter:data1\" content=\"1 perc\" \/>\n<script type=\"application\/ld+json\" class=\"yoast-schema-graph\">{\"@context\":\"https:\/\/schema.org\",\"@graph\":[{\"@type\":\"WebPage\",\"@id\":\"https:\/\/www.windowglass.sk\/hu\/izolacne-skla\/\",\"url\":\"https:\/\/www.windowglass.sk\/hu\/izolacne-skla\/\",\"name\":\"Szigetel\u0151 \u00fcveg | WINDOW GLASS\",\"isPartOf\":{\"@id\":\"https:\/\/www.windowglass.sk\/hu\/#website\"},\"datePublished\":\"2024-11-04T09:40:28+00:00\",\"dateModified\":\"2024-12-04T11:49:28+00:00\",\"breadcrumb\":{\"@id\":\"https:\/\/www.windowglass.sk\/hu\/izolacne-skla\/#breadcrumb\"},\"inLanguage\":\"hu\",\"potentialAction\":[{\"@type\":\"ReadAction\",\"target\":[\"https:\/\/www.windowglass.sk\/hu\/izolacne-skla\/\"]}]},{\"@type\":\"BreadcrumbList\",\"@id\":\"https:\/\/www.windowglass.sk\/hu\/izolacne-skla\/#breadcrumb\",\"itemListElement\":[{\"@type\":\"ListItem\",\"position\":1,\"name\":\"Home\",\"item\":\"https:\/\/www.windowglass.sk\/hu\/\"},{\"@type\":\"ListItem\",\"position\":2,\"name\":\"Szigetel\u0151 \u00fcveg\"}]},{\"@type\":\"WebSite\",\"@id\":\"https:\/\/www.windowglass.sk\/hu\/#website\",\"url\":\"https:\/\/www.windowglass.sk\/hu\/\",\"name\":\"Windowglass\",\"description\":\"\",\"publisher\":{\"@id\":\"https:\/\/www.windowglass.sk\/hu\/#organization\"},\"potentialAction\":[{\"@type\":\"SearchAction\",\"target\":{\"@type\":\"EntryPoint\",\"urlTemplate\":\"https:\/\/www.windowglass.sk\/hu\/?s={search_term_string}\"},\"query-input\":{\"@type\":\"PropertyValueSpecification\",\"valueRequired\":true,\"valueName\":\"search_term_string\"}}],\"inLanguage\":\"hu\"},{\"@type\":\"Organization\",\"@id\":\"https:\/\/www.windowglass.sk\/hu\/#organization\",\"name\":\"WINDOW GLASS, s.r.o.\",\"url\":\"https:\/\/www.windowglass.sk\/hu\/\",\"logo\":{\"@type\":\"ImageObject\",\"inLanguage\":\"hu\",\"@id\":\"https:\/\/www.windowglass.sk\/hu\/#\/schema\/logo\/image\/\",\"url\":\"https:\/\/www.windowglass.sk\/wp-content\/uploads\/2024\/05\/fav.svg\",\"contentUrl\":\"https:\/\/www.windowglass.sk\/wp-content\/uploads\/2024\/05\/fav.svg\",\"width\":77,\"height\":43,\"caption\":\"WINDOW GLASS, s.r.o.\"},\"image\":{\"@id\":\"https:\/\/www.windowglass.sk\/hu\/#\/schema\/logo\/image\/\"},\"sameAs\":[\"https:\/\/www.facebook.com\/windowglasssro\",\"https:\/\/www.linkedin.com\/company\/window-glass-s-r-o\/\"]}]}<\/script>\n<!-- \/ Yoast SEO plugin. -->","yoast_head_json":{"title":"Szigetel\u0151 \u00fcveg | WINDOW GLASS","robots":{"index":"index","follow":"follow","max-snippet":"max-snippet:-1","max-image-preview":"max-image-preview:large","max-video-preview":"max-video-preview:-1"},"canonical":"https:\/\/www.windowglass.sk\/hu\/izolacne-skla\/","og_locale":"hu_HU","og_type":"article","og_title":"Szigetel\u0151 \u00fcveg | WINDOW GLASS","og_description":"A szigetel\u0151\u00fcveg a WINDOW GLASS, s.r.o. egyik f\u0151 term\u00e9kcsoportja, amelyet tan\u00fas\u00edtott technol\u00f3gi\u00e1val gy\u00e1rtanak. Legal\u00e1bb k\u00e9t \u00fcvegt\u00e1bl\u00e1b\u00f3l \u00e1ll, amelyeket egy vagy t\u00f6bb, az \u00fcveg ker\u00fclet\u00e9n hermetikusan lez\u00e1rt t\u00e1vtart\u00f3 keret v\u00e1laszt el egym\u00e1st\u00f3l. Az \u00fcvegek k\u00f6z\u00f6tti teret inert g\u00e1zzal (argon, kripton) t\u00f6ltik ki. A bels\u0151 \u00e9s k\u00fcls\u0151 t\u00f6m\u00edt\u0151anyag mechanikailag stabil \u00e9s tart\u00f3s. A felhaszn\u00e1lt \u00fcvegt\u00edpust\u00f3l f\u00fcgg\u0151en a [&hellip;]","og_url":"https:\/\/www.windowglass.sk\/hu\/izolacne-skla\/","og_site_name":"WINDOW GLASS","article_publisher":"https:\/\/www.facebook.com\/windowglasssro","article_modified_time":"2024-12-04T11:49:28+00:00","og_image":[{"width":936,"height":618,"url":"https:\/\/www.windowglass.sk\/wp-content\/uploads\/2024\/05\/bg-home.png","type":"image\/png"}],"twitter_card":"summary_large_image","twitter_misc":{"Becs\u00fclt olvas\u00e1si id\u0151":"1 perc"},"schema":{"@context":"https:\/\/schema.org","@graph":[{"@type":"WebPage","@id":"https:\/\/www.windowglass.sk\/hu\/izolacne-skla\/","url":"https:\/\/www.windowglass.sk\/hu\/izolacne-skla\/","name":"Szigetel\u0151 \u00fcveg | WINDOW GLASS","isPartOf":{"@id":"https:\/\/www.windowglass.sk\/hu\/#website"},"datePublished":"2024-11-04T09:40:28+00:00","dateModified":"2024-12-04T11:49:28+00:00","breadcrumb":{"@id":"https:\/\/www.windowglass.sk\/hu\/izolacne-skla\/#breadcrumb"},"inLanguage":"hu","potentialAction":[{"@type":"ReadAction","target":["https:\/\/www.windowglass.sk\/hu\/izolacne-skla\/"]}]},{"@type":"BreadcrumbList","@id":"https:\/\/www.windowglass.sk\/hu\/izolacne-skla\/#breadcrumb","itemListElement":[{"@type":"ListItem","position":1,"name":"Home","item":"https:\/\/www.windowglass.sk\/hu\/"},{"@type":"ListItem","position":2,"name":"Szigetel\u0151 \u00fcveg"}]},{"@type":"WebSite","@id":"https:\/\/www.windowglass.sk\/hu\/#website","url":"https:\/\/www.windowglass.sk\/hu\/","name":"Windowglass","description":"","publisher":{"@id":"https:\/\/www.windowglass.sk\/hu\/#organization"},"potentialAction":[{"@type":"SearchAction","target":{"@type":"EntryPoint","urlTemplate":"https:\/\/www.windowglass.sk\/hu\/?s={search_term_string}"},"query-input":{"@type":"PropertyValueSpecification","valueRequired":true,"valueName":"search_term_string"}}],"inLanguage":"hu"},{"@type":"Organization","@id":"https:\/\/www.windowglass.sk\/hu\/#organization","name":"WINDOW GLASS, s.r.o.","url":"https:\/\/www.windowglass.sk\/hu\/","logo":{"@type":"ImageObject","inLanguage":"hu","@id":"https:\/\/www.windowglass.sk\/hu\/#\/schema\/logo\/image\/","url":"https:\/\/www.windowglass.sk\/wp-content\/uploads\/2024\/05\/fav.svg","contentUrl":"https:\/\/www.windowglass.sk\/wp-content\/uploads\/2024\/05\/fav.svg","width":77,"height":43,"caption":"WINDOW GLASS, s.r.o."},"image":{"@id":"https:\/\/www.windowglass.sk\/hu\/#\/schema\/logo\/image\/"},"sameAs":["https:\/\/www.facebook.com\/windowglasssro","https:\/\/www.linkedin.com\/company\/window-glass-s-r-o\/"]}]}},"_links":{"self":[{"href":"https:\/\/www.windowglass.sk\/hu\/wp-json\/wp\/v2\/pages\/1812"}],"collection":[{"href":"https:\/\/www.windowglass.sk\/hu\/wp-json\/wp\/v2\/pages"}],"about":[{"href":"https:\/\/www.windowglass.sk\/hu\/wp-json\/wp\/v2\/types\/page"}],"author":[{"embeddable":true,"href":"https:\/\/www.windowglass.sk\/hu\/wp-json\/wp\/v2\/users\/1"}],"replies":[{"embeddable":true,"href":"https:\/\/www.windowglass.sk\/hu\/wp-json\/wp\/v2\/comments?post=1812"}],"version-history":[{"count":1,"href":"https:\/\/www.windowglass.sk\/hu\/wp-json\/wp\/v2\/pages\/1812\/revisions"}],"predecessor-version":[{"id":2035,"href":"https:\/\/www.windowglass.sk\/hu\/wp-json\/wp\/v2\/pages\/1812\/revisions\/2035"}],"wp:attachment":[{"href":"https:\/\/www.windowglass.sk\/hu\/wp-json\/wp\/v2\/media?parent=1812"}],"curies":[{"name":"wp","href":"https:\/\/api.w.org\/{rel}","templated":true}]}}